{"id":405,"date":"2023-11-04T08:42:57","date_gmt":"2023-11-04T08:42:57","guid":{"rendered":"https:\/\/kunkel-systems.de\/?page_id=405"},"modified":"2023-11-04T08:48:22","modified_gmt":"2023-11-04T08:48:22","slug":"referenzen","status":"publish","type":"page","link":"https:\/\/kunkel-systems.de\/?page_id=405","title":{"rendered":"Referenzen"},"content":{"rendered":"\n<p>Wir freuen uns, dass wir bereits viele Kunden von unseren Systemen \u00fcberzeugen konnten! Unsere Systeme werden \u00fcberall in Deutschland und in Europa eingesetzt. Dabei decken wir verschiedene Bereiche und Sparten ab, von der Lebensmittelverarbeitung, \u00fcber die Vlies-Herstellung, die Erzeugung von hochfeiner St\u00e4rke oder bei der Verarbeitung von Kunststoff. \u00dcberall wird eine objektive, schnelle und genaue digitale Qualit\u00e4tskontrolle ben\u00f6tigt. <\/p>\n\n\n\n<div class=\"wp-block-media-text is-stacked-on-mobile\" style=\"grid-template-columns:29% auto\"><figure class=\"wp-block-media-text__media\"><img loading=\"lazy\" decoding=\"async\" width=\"194\" height=\"79\" src=\"https:\/\/kunkel-systems.de\/wp-content\/uploads\/2023\/11\/GoodMills-Logo.png\" alt=\"\" class=\"wp-image-406 size-full\"\/><\/figure><div class=\"wp-block-media-text__content\">\n<p>GoodMills Deutschland, Hildebrandm\u00fchlen Mannheim<\/p>\n<\/div><\/div>\n\n\n\n<figure class=\"wp-block-image size-full is-resized\"><img loading=\"lazy\" decoding=\"async\" width=\"139\" height=\"72\" src=\"https:\/\/kunkel-systems.de\/wp-content\/uploads\/2023\/11\/dummy-1.png\" alt=\"\" class=\"wp-image-418\" style=\"aspect-ratio:1.9305555555555556;width:83px;height:auto\"\/><\/figure>\n\n\n\n<div class=\"wp-block-media-text is-stacked-on-mobile\" style=\"grid-template-columns:29% auto\"><figure class=\"wp-block-media-text__media\"><img loading=\"lazy\" decoding=\"async\" width=\"354\" height=\"134\" src=\"https:\/\/kunkel-systems.de\/wp-content\/uploads\/2023\/11\/Logo_MM.jpg\" alt=\"\" class=\"wp-image-407 size-full\" srcset=\"https:\/\/kunkel-systems.de\/wp-content\/uploads\/2023\/11\/Logo_MM.jpg 354w, https:\/\/kunkel-systems.de\/wp-content\/uploads\/2023\/11\/Logo_MM-300x114.jpg 300w\" sizes=\"auto, (max-width: 354px) 100vw, 354px\" \/><\/figure><div class=\"wp-block-media-text__content\">\n<p>GoodMills Deutschland, M\u00fcllers M\u00fchle Gelsenkirchen<\/p>\n<\/div><\/div>\n\n\n\n<figure class=\"wp-block-image size-full is-resized\"><img loading=\"lazy\" decoding=\"async\" width=\"139\" height=\"72\" src=\"https:\/\/kunkel-systems.de\/wp-content\/uploads\/2023\/11\/dummy-1.png\" alt=\"\" class=\"wp-image-418\" style=\"aspect-ratio:1.9305555555555556;width:89px;height:auto\"\/><\/figure>\n\n\n\n<div class=\"wp-block-media-text is-stacked-on-mobile\" style=\"grid-template-columns:29% auto\"><figure class=\"wp-block-media-text__media\"><img loading=\"lazy\" decoding=\"async\" width=\"372\" height=\"84\" src=\"https:\/\/kunkel-systems.de\/wp-content\/uploads\/2023\/11\/Lehvoss-Logo.bmp\" alt=\"\" class=\"wp-image-412 size-full\" srcset=\"https:\/\/kunkel-systems.de\/wp-content\/uploads\/2023\/11\/Lehvoss-Logo.bmp 372w, https:\/\/kunkel-systems.de\/wp-content\/uploads\/2023\/11\/Lehvoss-Logo-300x68.jpg 300w\" sizes=\"auto, (max-width: 372px) 100vw, 372px\" \/><\/figure><div class=\"wp-block-media-text__content\">\n<p>Lehmann &amp; Voss, Hamburg<\/p>\n<\/div><\/div>\n\n\n\n<figure class=\"wp-block-image size-full is-resized\"><img loading=\"lazy\" decoding=\"async\" width=\"139\" height=\"72\" src=\"https:\/\/kunkel-systems.de\/wp-content\/uploads\/2023\/11\/dummy-1.png\" alt=\"\" class=\"wp-image-418\" style=\"aspect-ratio:1.9305555555555556;width:98px;height:auto\"\/><\/figure>\n\n\n\n<div class=\"wp-block-media-text is-stacked-on-mobile\" style=\"grid-template-columns:29% auto\"><figure class=\"wp-block-media-text__media\"><img loading=\"lazy\" decoding=\"async\" width=\"210\" height=\"64\" src=\"https:\/\/kunkel-systems.de\/wp-content\/uploads\/2023\/11\/RolandMills-Logo.bmp\" alt=\"\" class=\"wp-image-409 size-full\"\/><\/figure><div class=\"wp-block-media-text__content\">\n<p>Roland M\u00fchle Ost, Bad Langensalza<\/p>\n<\/div><\/div>\n\n\n\n<figure class=\"wp-block-image size-full is-resized\"><img loading=\"lazy\" decoding=\"async\" width=\"139\" height=\"72\" src=\"https:\/\/kunkel-systems.de\/wp-content\/uploads\/2023\/11\/dummy-1.png\" alt=\"\" class=\"wp-image-418\" style=\"aspect-ratio:1.9305555555555556;width:104px;height:auto\"\/><\/figure>\n\n\n\n<div class=\"wp-block-media-text is-stacked-on-mobile\" style=\"grid-template-columns:29% auto\"><figure class=\"wp-block-media-text__media\"><img loading=\"lazy\" decoding=\"async\" width=\"121\" height=\"86\" src=\"https:\/\/kunkel-systems.de\/wp-content\/uploads\/2023\/11\/AOS-Stade-Logo.bmp\" alt=\"\" class=\"wp-image-410 size-full\"\/><\/figure><div class=\"wp-block-media-text__content\">\n<p>Aluminium Oxid Stade<\/p>\n<\/div><\/div>\n\n\n\n<figure class=\"wp-block-image size-full\"><img loading=\"lazy\" decoding=\"async\" width=\"139\" height=\"72\" src=\"https:\/\/kunkel-systems.de\/wp-content\/uploads\/2023\/11\/dummy-1.png\" alt=\"\" class=\"wp-image-418\"\/><\/figure>\n\n\n\n<div class=\"wp-block-media-text is-stacked-on-mobile\" style=\"grid-template-columns:28% auto\"><figure class=\"wp-block-media-text__media\"><img loading=\"lazy\" decoding=\"async\" width=\"139\" height=\"72\" src=\"https:\/\/kunkel-systems.de\/wp-content\/uploads\/2023\/11\/fm-logo2.png\" alt=\"\" class=\"wp-image-413 size-full\"\/><\/figure><div class=\"wp-block-media-text__content\">\n<p>Frie\u00dfinger M\u00fchle Bad Wimpfen<\/p>\n<\/div><\/div>\n\n\n\n<figure class=\"wp-block-image size-full\"><img loading=\"lazy\" decoding=\"async\" width=\"139\" height=\"72\" src=\"https:\/\/kunkel-systems.de\/wp-content\/uploads\/2023\/11\/dummy-1.png\" alt=\"\" class=\"wp-image-418\"\/><\/figure>\n\n\n\n<div class=\"wp-block-media-text is-stacked-on-mobile\" style=\"grid-template-columns:29% auto\"><figure class=\"wp-block-media-text__media\"><img loading=\"lazy\" decoding=\"async\" width=\"152\" height=\"76\" src=\"https:\/\/kunkel-systems.de\/wp-content\/uploads\/2023\/11\/CAU.bmp\" alt=\"\" class=\"wp-image-411 size-full\" srcset=\"https:\/\/kunkel-systems.de\/wp-content\/uploads\/2023\/11\/CAU.bmp 152w, https:\/\/kunkel-systems.de\/wp-content\/uploads\/2023\/11\/CAU-150x76.jpg 150w\" sizes=\"auto, (max-width: 152px) 100vw, 152px\" \/><\/figure><div class=\"wp-block-media-text__content\">\n<p>Christian Albrechts Universit\u00e4t Kiel (Phytopathologie)<\/p>\n<\/div><\/div>\n\n\n\n<figure class=\"wp-block-image size-full\"><img loading=\"lazy\" decoding=\"async\" width=\"139\" height=\"72\" src=\"https:\/\/kunkel-systems.de\/wp-content\/uploads\/2023\/11\/dummy-1.png\" alt=\"\" class=\"wp-image-418\"\/><\/figure>\n\n\n\n<div class=\"wp-block-media-text is-stacked-on-mobile\" style=\"grid-template-columns:29% auto\"><figure class=\"wp-block-media-text__media\"><img loading=\"lazy\" decoding=\"async\" width=\"234\" height=\"123\" src=\"https:\/\/kunkel-systems.de\/wp-content\/uploads\/2023\/11\/logo_de.png\" alt=\"\" class=\"wp-image-414 size-full\"\/><\/figure><div class=\"wp-block-media-text__content\">\n<p>Kr\u00f6ner St\u00e4rke Ibbenb\u00fcren<\/p>\n<\/div><\/div>\n\n\n\n<div class=\"wp-block-media-text is-stacked-on-mobile\" style=\"grid-template-columns:29% auto\"><figure class=\"wp-block-media-text__media\"><img loading=\"lazy\" decoding=\"async\" width=\"139\" height=\"72\" src=\"https:\/\/kunkel-systems.de\/wp-content\/uploads\/2023\/11\/dummy.png\" alt=\"\" class=\"wp-image-415 size-full\"\/><\/figure><div class=\"wp-block-media-text__content\">\n<p>Dr. Oetker Bielefeld<\/p>\n<\/div><\/div>\n\n\n\n<p><\/p>\n\n\n\n<figure class=\"wp-block-image size-full\"><img loading=\"lazy\" decoding=\"async\" width=\"139\" height=\"72\" src=\"https:\/\/kunkel-systems.de\/wp-content\/uploads\/2023\/11\/dummy-1.png\" alt=\"\" class=\"wp-image-418\"\/><\/figure>\n\n\n\n<p><\/p>\n\n\n\n<p><\/p>\n","protected":false},"excerpt":{"rendered":"<p>Wir freuen uns, dass wir bereits viele Kunden von unseren Systemen \u00fcberzeugen konnten! Unsere Systeme werden \u00fcberall in Deutschland und in Europa eingesetzt. Dabei decken wir verschiedene Bereiche und Sparten ab, von der Lebensmittelverarbeitung, \u00fcber die Vlies-Herstellung, die Erzeugung von hochfeiner St\u00e4rke oder bei der Verarbeitung von Kunststoff. \u00dcberall wird eine objektive, schnelle und genaue digitale Qualit\u00e4tskontrolle ben\u00f6tigt. GoodMills Deutschland,<\/p>\n","protected":false},"author":1,"featured_media":0,"parent":0,"menu_order":0,"comment_status":"closed","ping_status":"closed","template":"","meta":{"pgc_sgb_lightbox_settings":"","footnotes":""},"class_list":["post-405","page","type-page","status-publish","hentry"],"_links":{"self":[{"href":"https:\/\/kunkel-systems.de\/index.php?rest_route=\/wp\/v2\/pages\/405","targetHints":{"allow":["GET"]}}],"collection":[{"href":"https:\/\/kunkel-systems.de\/index.php?rest_route=\/wp\/v2\/pages"}],"about":[{"href":"https:\/\/kunkel-systems.de\/index.php?rest_route=\/wp\/v2\/types\/page"}],"author":[{"embeddable":true,"href":"https:\/\/kunkel-systems.de\/index.php?rest_route=\/wp\/v2\/users\/1"}],"replies":[{"embeddable":true,"href":"https:\/\/kunkel-systems.de\/index.php?rest_route=%2Fwp%2Fv2%2Fcomments&post=405"}],"version-history":[{"count":3,"href":"https:\/\/kunkel-systems.de\/index.php?rest_route=\/wp\/v2\/pages\/405\/revisions"}],"predecessor-version":[{"id":420,"href":"https:\/\/kunkel-systems.de\/index.php?rest_route=\/wp\/v2\/pages\/405\/revisions\/420"}],"wp:attachment":[{"href":"https:\/\/kunkel-systems.de\/index.php?rest_route=%2Fwp%2Fv2%2Fmedia&parent=405"}],"curies":[{"name":"wp","href":"https:\/\/api.w.org\/{rel}","templated":true}]}}