{"id":367,"date":"2022-07-28T08:36:52","date_gmt":"2022-07-28T08:36:52","guid":{"rendered":"https:\/\/kunkel-systems.de\/?page_id=367"},"modified":"2022-07-28T08:50:01","modified_gmt":"2022-07-28T08:50:01","slug":"probenuntersuchung","status":"publish","type":"page","link":"https:\/\/kunkel-systems.de\/?page_id=367","title":{"rendered":"Probenuntersuchung"},"content":{"rendered":"\n<h2 class=\"wp-block-heading\">Probenuntersuchung &amp; Machbarkeitsstudie<\/h2>\n\n\n\n<p>Die Firma Kunkel bietet Ihren Kunden neben bew\u00e4hrten Produkten und ausgereiften Systemen nun auch die M\u00f6glichkeit an, Proben zu untersuchen.<\/p>\n\n\n\n<p>Wir haben uns dabei auf Proben konzentriert, die wir h\u00e4ufig untersuchen und mit denen wir viel Erfahrung haben.<\/p>\n\n\n\n<p>Die Probenuntersuchung bietet Ihnen die M\u00f6glichkeit, einen schnellen und zuverl\u00e4ssigen Bericht \u00fcber Ihre Produktqualit\u00e4t zu erhalten, und hilft Ihnen bei weiteren Investitionsentscheidungen.<\/p>\n\n\n\n<p>Wir helfen Ihnen durch eine ausf\u00fchrliche Beratung und Machbarkeitsstudien bei der Umstellung vieler manuellen Labormethoden auf neue digitale Methoden. Hierzu bieten wir Ihnen auch Neuentwicklung oder eine Anpassung von bestehenden Methoden auf Ihren Anwendungsfall an.<\/p>\n\n\n\n<p>Bei bestimmten Systemen (wie z.B. Pellspection) ist die Einrichtung f\u00fcr unge\u00fcbtes Personal kompliziert und kann sehr lange dauern oder fehlerhaft sein. Hier profitieren Sie von unserer gro\u00dfen Produktdatenbank und der langj\u00e4hrigen Erfahrung mit den unterschiedlichsten Fehler-Parametern.<\/p>\n\n\n\n<p>Wir bieten f\u00fcr folgende Produkte Untersuchungen an:<\/p>\n\n\n\n<h2 class=\"wp-block-heading\">FOOD<\/h2>\n\n\n\n<div class=\"wp-block-columns is-layout-flex wp-container-core-columns-is-layout-9d6595d7 wp-block-columns-is-layout-flex\">\n<div class=\"wp-block-column is-layout-flow wp-block-column-is-layout-flow\">\n<h5 class=\"wp-block-heading\"><strong>Produkt \/ Produktgruppe<\/strong><\/h5>\n\n\n\n<p>Mehl, St\u00e4rke, Grie\u00df<\/p>\n<\/div>\n\n\n\n<div class=\"wp-block-column is-layout-flow wp-block-column-is-layout-flow\">\n<h5 class=\"wp-block-heading\"><strong>Untersuchungsparameter<\/strong><\/h5>\n\n\n\n<ul class=\"wp-block-list\"><li>Stippenanzahl, Stippengr\u00f6\u00dfe<\/li><li>Stippenverteilung (nach Gr\u00f6\u00dfe)<\/li><li>Farbe der Probe (Gesamt)<\/li><li>Farbe (auf eine bestimmte Fl\u00e4che)<\/li><li>Wei\u00dfgrad (z.B. f\u00fcr St\u00e4rke)<\/li><\/ul>\n<\/div>\n<\/div>\n\n\n\n<div class=\"wp-block-columns is-layout-flex wp-container-core-columns-is-layout-9d6595d7 wp-block-columns-is-layout-flex\">\n<div class=\"wp-block-column is-layout-flow wp-block-column-is-layout-flow\">\n<p>Besatzbestimmung<\/p>\n\n\n\n<p>von Naturprodukten und Getreide, wie Weizen, Roggen, Gerste, Raps, Soja, usw.<\/p>\n<\/div>\n\n\n\n<div class=\"wp-block-column is-layout-flow wp-block-column-is-layout-flow\">\n<ul class=\"wp-block-list\"><li>Dunkelfleckig (Hartweizen)<\/li><li>Glasigkeit \/ Halbglasigkeit<\/li><li>Mutterkorn<\/li><li>Fremdgetreide<\/li><li>Schmachtk\u00f6rner<\/li><li>gebrochene K\u00f6rner<\/li><li>Spelzen<\/li><li>Verf\u00e4rbungen durch Fusarium (frei w\u00e4hlbar)<\/li><li>Besatz allgemein, frei einstellbar<\/li><li>Vermischung oder Z\u00e4hlung von zwei unterschiedlichen Produkten<\/li><li>Wanzenstichigkeit (in Entwicklung)<\/li><\/ul>\n<\/div>\n<\/div>\n\n\n\n<div class=\"wp-block-columns is-layout-flex wp-container-core-columns-is-layout-9d6595d7 wp-block-columns-is-layout-flex\">\n<div class=\"wp-block-column is-layout-flow wp-block-column-is-layout-flow\">\n<p>Beizmittelverteilung<\/p>\n<\/div>\n\n\n\n<div class=\"wp-block-column is-layout-flow wp-block-column-is-layout-flow\">\n<ul class=\"wp-block-list\"><li>Beizmittelverteilung auf Getreide oder Kartoffeln<\/li><\/ul>\n<\/div>\n<\/div>\n\n\n\n<div class=\"wp-block-columns is-layout-flex wp-container-core-columns-is-layout-9d6595d7 wp-block-columns-is-layout-flex\">\n<div class=\"wp-block-column is-layout-flow wp-block-column-is-layout-flow\">\n<p>Sonstige Naturprodukte wie Kaffee, Erbsen, oder Produkte aus der Lebensmittelindustrie<\/p>\n<\/div>\n\n\n\n<div class=\"wp-block-column is-layout-flow wp-block-column-is-layout-flow\">\n<ul class=\"wp-block-list\"><li>Z\u00e4hlen der Objekte<\/li><li>Farbverteilung<\/li><li>Formverteilung<\/li><li>Anzahl und Anteil der jeweiligen Produkte in Anzahl und Prozent<\/li><li>Stippenanzahl<\/li><\/ul>\n<\/div>\n<\/div>\n\n\n\n<h2 class=\"wp-block-heading\">NON FOOD<\/h2>\n\n\n\n<div class=\"wp-block-columns is-layout-flex wp-container-core-columns-is-layout-9d6595d7 wp-block-columns-is-layout-flex\">\n<div class=\"wp-block-column is-layout-flow wp-block-column-is-layout-flow\">\n<p>Kunststoff (Granulat oder Pellets)<br>Rezyklat, Flakes<br>Masterbatches<\/p>\n<\/div>\n\n\n\n<div class=\"wp-block-column is-layout-flow wp-block-column-is-layout-flow\">\n<ul class=\"wp-block-list\"><li>Kontaminantenanzahl (black specks) und %<\/li><li>Kontaminantenfl\u00e4che Gesamt \/ auf 1 m\u00b2<\/li><li>Kontaminanten nach Fl\u00e4che und Gr\u00f6\u00dfe<\/li><li>Formbestimmung (verformte, deformierte Pellets)<\/li><li>Sonstige Kontaminanten (Farbe frei w\u00e4hlbar, z.B. f\u00fcr verf\u00e4rbte Einschl\u00fcsse)<\/li><li>Farbverteilung von Rezyklaten (auch schwarze)<\/li><li>Farbverteilung von Kunststoffmischungen<\/li><\/ul>\n<\/div>\n<\/div>\n\n\n\n<div class=\"wp-block-columns is-layout-flex wp-container-core-columns-is-layout-9d6595d7 wp-block-columns-is-layout-flex\">\n<div class=\"wp-block-column is-layout-flow wp-block-column-is-layout-flow\">\n<div class=\"wp-block-columns is-layout-flex wp-container-core-columns-is-layout-9d6595d7 wp-block-columns-is-layout-flex\">\n<div class=\"wp-block-column is-layout-flow wp-block-column-is-layout-flow\">\n<p>Papier, Vlies<br>Aluminiumoxid<br>rieself\u00e4hige Sch\u00fcttg\u00fcter<\/p>\n<\/div>\n\n\n\n<div class=\"wp-block-column is-layout-flow wp-block-column-is-layout-flow\">\n<ul class=\"wp-block-list\"><li>Stippenanzahl, Stippengr\u00f6\u00dfe<\/li><li>Stippenverteilung (nach Gr\u00f6\u00dfe)<\/li><li>Farbe der Probe (Gesamt)<\/li><li>Farbe (auf eine bestimmte Fl\u00e4che)<\/li><li>Wei\u00dfgrad<\/li><li>Vermischung von zwei Stoffen (wenn sie farblich abweichen)<\/li><\/ul>\n<\/div>\n<\/div>\n<\/div>\n<\/div>\n\n\n\n<div class=\"wp-block-columns is-layout-flex wp-container-core-columns-is-layout-9d6595d7 wp-block-columns-is-layout-flex\">\n<div class=\"wp-block-column is-layout-flow wp-block-column-is-layout-flow\">\n<p>Bl\u00e4tter (organisches Material)<\/p>\n<\/div>\n\n\n\n<div class=\"wp-block-column is-layout-flow wp-block-column-is-layout-flow\">\n<ul class=\"wp-block-list\"><li>Flecken, Farbe, Anteil und Verteilung nach Prozent (z.B. f\u00fcr Blattkrankheiten) \u2192 Die farblichen Abweichung sind frei w\u00e4hlbar<\/li><\/ul>\n<\/div>\n<\/div>\n","protected":false},"excerpt":{"rendered":"<p>Probenuntersuchung &amp; Machbarkeitsstudie Die Firma Kunkel bietet Ihren Kunden neben bew\u00e4hrten Produkten und ausgereiften Systemen nun auch die M\u00f6glichkeit an, Proben zu untersuchen. Wir haben uns dabei auf Proben konzentriert, die wir h\u00e4ufig untersuchen und mit denen wir viel Erfahrung haben. Die Probenuntersuchung bietet Ihnen die M\u00f6glichkeit, einen schnellen und zuverl\u00e4ssigen Bericht \u00fcber Ihre Produktqualit\u00e4t zu erhalten, und hilft Ihnen<\/p>\n","protected":false},"author":1,"featured_media":0,"parent":0,"menu_order":2,"comment_status":"closed","ping_status":"closed","template":"","meta":{"pgc_sgb_lightbox_settings":"","footnotes":""},"class_list":["post-367","page","type-page","status-publish","hentry"],"_links":{"self":[{"href":"https:\/\/kunkel-systems.de\/index.php?rest_route=\/wp\/v2\/pages\/367","targetHints":{"allow":["GET"]}}],"collection":[{"href":"https:\/\/kunkel-systems.de\/index.php?rest_route=\/wp\/v2\/pages"}],"about":[{"href":"https:\/\/kunkel-systems.de\/index.php?rest_route=\/wp\/v2\/types\/page"}],"author":[{"embeddable":true,"href":"https:\/\/kunkel-systems.de\/index.php?rest_route=\/wp\/v2\/users\/1"}],"replies":[{"embeddable":true,"href":"https:\/\/kunkel-systems.de\/index.php?rest_route=%2Fwp%2Fv2%2Fcomments&post=367"}],"version-history":[{"count":4,"href":"https:\/\/kunkel-systems.de\/index.php?rest_route=\/wp\/v2\/pages\/367\/revisions"}],"predecessor-version":[{"id":371,"href":"https:\/\/kunkel-systems.de\/index.php?rest_route=\/wp\/v2\/pages\/367\/revisions\/371"}],"wp:attachment":[{"href":"https:\/\/kunkel-systems.de\/index.php?rest_route=%2Fwp%2Fv2%2Fmedia&parent=367"}],"curies":[{"name":"wp","href":"https:\/\/api.w.org\/{rel}","templated":true}]}}