{"id":324,"date":"2021-09-29T09:56:15","date_gmt":"2021-09-29T09:56:15","guid":{"rendered":"https:\/\/kunkel-systems.de\/?page_id=324"},"modified":"2022-06-16T07:42:05","modified_gmt":"2022-06-16T07:42:05","slug":"pellspection","status":"publish","type":"page","link":"https:\/\/kunkel-systems.de\/?page_id=324","title":{"rendered":"Pellspection"},"content":{"rendered":"\n<figure class=\"wp-block-image size-large is-resized\"><img loading=\"lazy\" decoding=\"async\" src=\"https:\/\/kunkel-systems.de\/wp-content\/uploads\/2021\/09\/Neues-Titelbild-3-1024x912.jpg\" alt=\"Die Pellspection-Maschine, Alu-Ger\u00fcst mit Mini-PC, Trichter, Monitor, Maus und Tastatur, blaue Abdeckung\" class=\"wp-image-325\" width=\"678\" height=\"604\" srcset=\"https:\/\/kunkel-systems.de\/wp-content\/uploads\/2021\/09\/Neues-Titelbild-3-1024x912.jpg 1024w, https:\/\/kunkel-systems.de\/wp-content\/uploads\/2021\/09\/Neues-Titelbild-3-300x267.jpg 300w, https:\/\/kunkel-systems.de\/wp-content\/uploads\/2021\/09\/Neues-Titelbild-3-768x684.jpg 768w, https:\/\/kunkel-systems.de\/wp-content\/uploads\/2021\/09\/Neues-Titelbild-3-1536x1369.jpg 1536w, https:\/\/kunkel-systems.de\/wp-content\/uploads\/2021\/09\/Neues-Titelbild-3.jpg 2000w\" sizes=\"auto, (max-width: 678px) 100vw, 678px\" \/><\/figure>\n\n\n\n<h2 class=\"wp-block-heading\">Download von Werbematerial<\/h2>\n\n\n\n<p>Hier k\u00f6nnen Sie sich die beiden Flyer f\u00fcr das Pellspection-System herunterladen, um es z.B. auszudrucken oder an Kollegen weiterzugeben:<\/p>\n\n\n\n<div class=\"wp-block-file\"><a href=\"https:\/\/kunkel-systems.de\/wp-content\/uploads\/2022\/06\/Pellspection-Flyer-Deutsch.pdf\">Pellspection Flyer (Deutsch)<\/a><a href=\"https:\/\/kunkel-systems.de\/wp-content\/uploads\/2022\/06\/Pellspection-Flyer-Deutsch.pdf\" class=\"wp-block-file__button\" download>Herunterladen<\/a><\/div>\n\n\n\n<div class=\"wp-block-file\"><a href=\"https:\/\/kunkel-systems.de\/wp-content\/uploads\/2022\/06\/Pellspection-Flyer-English.pdf\">Pellspection Flyer (English)<\/a><a href=\"https:\/\/kunkel-systems.de\/wp-content\/uploads\/2022\/06\/Pellspection-Flyer-English.pdf\" class=\"wp-block-file__button\" download>Herunterladen<\/a><\/div>\n\n\n\n<h2 class=\"wp-block-heading\">Vorstellung der Maschine<\/h2>\n\n\n\n<p><strong>P<\/strong>ellspection ist eine vollautomatische Maschine zur Detektierung von Verunreinigungen und Verf\u00e4rbungen in Kunststoff-Pellets und Granulaten. Au\u00dferdem k\u00f6nnen die farblichen Anteile einer Mischung, z.B. bei Rezyklaten mit hoher Genauigkeit bestimmt werden.<br>Die Labormaschine ist kompakt und kann schnell neben der Produktion zur laufenden Kontrolle der Qualit\u00e4t eingesetzt werden. Mit den internen Algorithmen, die auf der bew\u00e4hrten Besatzmaschine der Firma Kunkel basieren, k\u00f6nnen schwarze und braune Stippen, Einschl\u00fcsse, Verbrennungen und optische Fremdk\u00f6rper erkannt werden. Pellspection wird f\u00fcr den Kunden eingerichtet und die Produkte fertig vorkonfiguriert. Die Anwender vor Ort m\u00fcssen nur eine Probe eingeben, das Produkt in der Software ausw\u00e4hlen und auf \u201eAuftrag starten\u201c klicken. Durch die kontinuierliche Messung in Prozent wird jederzeit eine objektive Analyse der Qualit\u00e4t ausgegeben.<\/p>\n\n\n\n<figure class=\"wp-block-image size-large is-resized\"><img loading=\"lazy\" decoding=\"async\" src=\"https:\/\/kunkel-systems.de\/wp-content\/uploads\/2022\/06\/Kontrollbilder-Auszug-2-1024x773.jpg\" alt=\"\" class=\"wp-image-360\" width=\"724\" height=\"546\" srcset=\"https:\/\/kunkel-systems.de\/wp-content\/uploads\/2022\/06\/Kontrollbilder-Auszug-2-1024x773.jpg 1024w, https:\/\/kunkel-systems.de\/wp-content\/uploads\/2022\/06\/Kontrollbilder-Auszug-2-300x226.jpg 300w, https:\/\/kunkel-systems.de\/wp-content\/uploads\/2022\/06\/Kontrollbilder-Auszug-2-768x579.jpg 768w, https:\/\/kunkel-systems.de\/wp-content\/uploads\/2022\/06\/Kontrollbilder-Auszug-2.jpg 1393w\" sizes=\"auto, (max-width: 724px) 100vw, 724px\" \/><\/figure>\n\n\n\n<p><strong>E<\/strong>s gibt unz\u00e4hlig verschiedene Kunstoff-Arten und Typen. Bei der Herstellung k\u00f6nnen ganz unterschiedliche Probleme und Minderungen der Produktqualit\u00e4t auftreten. Daher ben\u00f6tigen Sie ein Messsystem, das in der Lage ist, sich auf die verschiedensten Probleme in der Qualit\u00e4t einzustellen und Ihnen bei der Analyse zur Seite steht.<br>Manuelle Analysen von Kunststoff-Granulat sind zudem zeitaufw\u00e4ndig. Sollte der Anteil der verunreinigten Waren z.B. im Bereich von 0,005 Prozent liegen, muss mindestens ein Kilogramm mit der Pinzette und der Lupe untersucht werden, bis man einen repr\u00e4sentativen Messwert bilden kann. Die Herstellung von Platten und Testmustern zur optischen Untersu-chung ist ebenfalls teuer und auf die Dauer ineffizient. Das Pellspection System vereinfacht und automatisiert die optische Inspektion, die Probe bleibt intakt und kann nach Bedarf noch einmal verwendet werden.<br>Durch unser speziell entwickeltes, flexibles Klassensystem und neuste Methoden der digitalen Bildverarbeitung k\u00f6nnen ganz unterschiedliche Parameter in einem Durchgang gesucht werden.<\/p>\n\n\n\n<figure class=\"wp-block-image size-large is-resized\"><img loading=\"lazy\" decoding=\"async\" src=\"https:\/\/kunkel-systems.de\/wp-content\/uploads\/2022\/06\/new-black-speck-class-Deutsch.jpg\" alt=\"\" class=\"wp-image-356\" width=\"664\" height=\"484\" srcset=\"https:\/\/kunkel-systems.de\/wp-content\/uploads\/2022\/06\/new-black-speck-class-Deutsch.jpg 949w, https:\/\/kunkel-systems.de\/wp-content\/uploads\/2022\/06\/new-black-speck-class-Deutsch-300x219.jpg 300w, https:\/\/kunkel-systems.de\/wp-content\/uploads\/2022\/06\/new-black-speck-class-Deutsch-768x561.jpg 768w\" sizes=\"auto, (max-width: 664px) 100vw, 664px\" \/><\/figure>\n\n\n\n<h2 class=\"wp-block-heading\">Das neue Verfahren, speziell f\u00fcr &#8222;black specks&#8220;<\/h2>\n\n\n\n<p><strong>P<\/strong>ellspection wurde von Menschen entwickelt, denen die Qualit\u00e4t der Produkte sehr wichtig ist. Daher steht auch unsere Erfahrung mit Stippen und die \u201eblack specks\u201c Erkennung im Mittelpunkt. Hierzu haben wir ein neues Verfahren entwickelt, dass die black specks schnell und zuverl\u00e4ssig findet. M\u00f6glich wird das durch viele neue individuelle Grenz-, Schwell- und Messwerte, um die Stippensuche zu optimieren. Auch wenn es Randbereiche oder Schatten gibt. Wir schauen wie der Mensch: Individuell und genau \u2013 aber das ganze dauert nur ein paar Millisekunden.<\/p>\n\n\n\n<figure class=\"wp-block-image size-large is-resized\"><img loading=\"lazy\" decoding=\"async\" src=\"https:\/\/kunkel-systems.de\/wp-content\/uploads\/2022\/06\/50-Microns-Deutsch.jpg\" alt=\"\" class=\"wp-image-361\" width=\"513\" height=\"262\" srcset=\"https:\/\/kunkel-systems.de\/wp-content\/uploads\/2022\/06\/50-Microns-Deutsch.jpg 704w, https:\/\/kunkel-systems.de\/wp-content\/uploads\/2022\/06\/50-Microns-Deutsch-300x153.jpg 300w\" sizes=\"auto, (max-width: 513px) 100vw, 513px\" \/><\/figure>\n\n\n\n<p>Stippen k\u00f6nnen bereits ab einer Gr\u00f6\u00dfe von 50 Mikrometern gefunden werden. So erhalten Sie als Kunde ein perfektes, reine Endprodukt.<\/p>\n\n\n\n<h2 class=\"wp-block-heading\">Und hinterher? Ben\u00f6tigen Sie den Auftrag!<\/h2>\n\n\n\n<figure class=\"wp-block-image size-large is-resized\"><img loading=\"lazy\" decoding=\"async\" src=\"https:\/\/kunkel-systems.de\/wp-content\/uploads\/2022\/06\/Auftragsanzeige-Deutsch-1024x924.jpg\" alt=\"\" class=\"wp-image-357\" width=\"755\" height=\"680\" srcset=\"https:\/\/kunkel-systems.de\/wp-content\/uploads\/2022\/06\/Auftragsanzeige-Deutsch-1024x924.jpg 1024w, https:\/\/kunkel-systems.de\/wp-content\/uploads\/2022\/06\/Auftragsanzeige-Deutsch-300x271.jpg 300w, https:\/\/kunkel-systems.de\/wp-content\/uploads\/2022\/06\/Auftragsanzeige-Deutsch-768x693.jpg 768w, https:\/\/kunkel-systems.de\/wp-content\/uploads\/2022\/06\/Auftragsanzeige-Deutsch.jpg 1070w\" sizes=\"auto, (max-width: 755px) 100vw, 755px\" \/><\/figure>\n\n\n\n<p>Wenn der Auftrag beendet ist, erstellt das System einen Bericht mit allen relevanten Messdaten. Jede Kontaminante wird einzeln aufgelistet und in einem Diagramm nach Gr\u00f6\u00dfe sortiert. Sie erhalten au\u00dferdem die Prozente jeder einzelnen Fehlerklasse, die genaue Objektanzahl und die gesamte Kontaminanten-Fl\u00e4che in mm\u00b2. Selbstverst\u00e4ndlich bezieht sich der neue Wert \u201eKontaminanten-Verunreinigung mm\u00b2 auf m\u00b2\u201c nur auf die Fl\u00e4che der tats\u00e4chlich gemessenen Pellets. Der Auftrag kann gedruckt oder als PDF-Datei exportiert werden. Sie k\u00f6nnen Ihrem Kunden damit ein Zertifikat in die Hand geben und die erfolgreiche Qualit\u00e4tskontrolle nachweisen. In der Datenbank behalten Sie dank der Speicherm\u00f6glichkeit und der gesammelten Kontrollbilder einen perfekten \u00dcberblick \u00fcber Ihre Produkte.<\/p>\n\n\n\n<p><\/p>\n\n\n\n<h2 class=\"wp-block-heading\">Video: Verwendung der Maschine<\/h2>\n\n\n\n<figure class=\"wp-block-embed is-type-video is-provider-youtube wp-block-embed-youtube wp-embed-aspect-16-9 wp-has-aspect-ratio\"><div class=\"wp-block-embed__wrapper\">\n<iframe loading=\"lazy\"  id=\"_ytid_97323\"  width=\"860\" height=\"484\"  data-origwidth=\"860\" data-origheight=\"484\" src=\"https:\/\/www.youtube.com\/embed\/ilZBoWyg3HI?enablejsapi=1&#038;autoplay=0&#038;cc_load_policy=0&#038;cc_lang_pref=&#038;iv_load_policy=1&#038;loop=0&#038;rel=0&#038;fs=1&#038;playsinline=0&#038;autohide=2&#038;theme=dark&#038;color=red&#038;controls=1&#038;disablekb=0&#038;\" class=\"__youtube_prefs__  epyt-is-override  no-lazyload\" title=\"YouTube player\"  allow=\"fullscreen; accelerometer; autoplay; clipboard-write; encrypted-media; gyroscope; picture-in-picture; web-share\" referrerpolicy=\"strict-origin-when-cross-origin\" allowfullscreen data-no-lazy=\"1\" data-skipgform_ajax_framebjll=\"\"><\/iframe>\n<\/div><\/figure>\n\n\n\n<p>In diesem Video erhalten Sie einen ersten Einblick \u00fcber unser vollautomatisches Analysesystem &#8222;Pellspection&#8220;, mit dem die Qualit\u00e4t von Kunststoffpellets, Granulaten und Masterbatches im Labor und am Prozess untersucht werden kann. Die Bedienung ist einfach und unkompliziert. Mit den internen Algorithmen und modernster Technik sind viele verschiedene Suchklassen m\u00f6glich. Ob black specks, brown specks, Verf\u00e4rbungen oder Verformungen &#8211; Sie haben alles in einem Blick mit Pellspection. <\/p>\n\n\n\n<figure class=\"wp-block-image size-large is-resized is-style-default\"><img loading=\"lazy\" decoding=\"async\" src=\"https:\/\/kunkel-systems.de\/wp-content\/uploads\/2021\/11\/DSC01326-2-982x1024.jpg\" alt=\"\" class=\"wp-image-342\" width=\"450\" height=\"469\" srcset=\"https:\/\/kunkel-systems.de\/wp-content\/uploads\/2021\/11\/DSC01326-2-982x1024.jpg 982w, https:\/\/kunkel-systems.de\/wp-content\/uploads\/2021\/11\/DSC01326-2-288x300.jpg 288w, https:\/\/kunkel-systems.de\/wp-content\/uploads\/2021\/11\/DSC01326-2-768x801.jpg 768w, https:\/\/kunkel-systems.de\/wp-content\/uploads\/2021\/11\/DSC01326-2-1473x1536.jpg 1473w, https:\/\/kunkel-systems.de\/wp-content\/uploads\/2021\/11\/DSC01326-2-1964x2048.jpg 1964w\" sizes=\"auto, (max-width: 450px) 100vw, 450px\" \/><\/figure>\n\n\n\n<p>Pellspection analysiert schneller und zuverl\u00e4ssiger als der Mensch. Auch gro\u00dfe Mengen von Granulaten k\u00f6nnen in kurzer Zeit untersucht werden. Das Labor wird zeitlich entlastet und erh\u00e4lt die Daten schneller als bei einer Untersuchung &#8222;von Hand&#8220;. Die Anbindung der Maschine ist \u00fcber verschiedene digitale Schnittstellen m\u00f6glich.<\/p>\n\n\n\n<p>Kunden bekommen einen Pr\u00fcfbericht mit ausf\u00fchrlichen Daten. F\u00fcr jede Klasse k\u00f6nnen &#8222;OK&#8220; und &#8222;Nicht OK&#8220; Kriterien bestimmt werden.<\/p>\n\n\n\n<h2 class=\"wp-block-heading\">Die technischen Daten<\/h2>\n\n\n\n<figure class=\"wp-block-table\"><table><tbody><tr><td><strong>Abmessungen<\/strong><strong><\/strong><\/td><td>Breite: ca. 850 mm<br>H\u00f6he: ca. 685 mm<br>Tiefe: ca. 300 mm<\/td><\/tr><tr><td><strong>Gewicht<\/strong><strong><\/strong><\/td><td>ca. 25 kg, von zwei Personen zu transportieren<\/td><\/tr><tr><td><strong>Netzanschluss<\/strong><strong><\/strong><\/td><td>230 V<\/td><\/tr><tr><td><strong>Leistungsaufnahme<\/strong><strong><\/strong><\/td><td>ca. 300 Watt<\/td><\/tr><tr><td><strong>Analysendauer<\/strong><strong><\/strong><\/td><td>ca. 1 Minute pro 100 Gramm<\/td><\/tr><tr><td><strong>Messrate<\/strong><strong><\/strong><\/td><td>Ca. 40 Objekte pro Sekunde (Kamera+Software)<\/td><\/tr><tr><td><strong>Messdurchsatz<\/strong><strong><\/strong><\/td><td>ca. 80-90 % einer Probe werden von der Kameraaufnahme erfasst<\/td><\/tr><tr><td><strong>Messart<\/strong><strong><\/strong><\/td><td>Echtzeit-Beurteilung, kontinuierliche Messung in Prozent<\/td><\/tr><tr><td><strong>Messparameter<\/strong><strong><\/strong><\/td><td>Gr\u00f6\u00dfenvergleich, RGB Farbvergleich, Histogrammvergleich, Farbvorkommen RGB und HSV, Musterbild-Vegleich (Pattern match), Pixelvergleich, Rundheit<\/td><\/tr><tr><td><strong>Suchart<\/strong><strong><\/strong><\/td><td>Schwarze, braune, farbige Stippen. Fremdk\u00f6rper, Einschl\u00fcsse, Rundheit, Form<\/td><\/tr><tr><td><strong>Anzahl der Suchklassen<\/strong><strong><\/strong><\/td><td>Unbegrenzt, frei einstellbar nach Kundenwunsch<\/td><\/tr><tr><td><strong>Software<\/strong><strong><\/strong><\/td><td>OKS Pellspection 1.0<\/td><\/tr><tr><td><strong>PC<\/strong><strong><\/strong><\/td><td>NUC 7 Home, ultra-kompakter PC, vorinstallierte Software<\/td><\/tr><tr><td><strong>Beleuchtung<\/strong><strong><\/strong><\/td><td>COB Fl\u00e4chen-LED, ca. 50 Watt<\/td><\/tr><tr><td><strong>Kamera<\/strong><strong><\/strong><\/td><td>12bit USB 3.0 Industriekamera<br><\/td><\/tr><tr><td><strong>Monitor<\/strong><strong><\/strong><\/td><td>HDMI FullHD Aufl\u00f6sung 1920&#215;1080 Pixel<\/td><\/tr><tr><td><strong>&nbsp;<\/strong><\/td><td>&nbsp;<\/td><\/tr><\/tbody><\/table><\/figure>\n\n\n\n<figure class=\"wp-block-image size-large is-style-default\"><img loading=\"lazy\" decoding=\"async\" width=\"1024\" height=\"670\" src=\"https:\/\/kunkel-systems.de\/wp-content\/uploads\/2021\/09\/DSC01971-2-1024x670.jpg\" alt=\"\" class=\"wp-image-327\" srcset=\"https:\/\/kunkel-systems.de\/wp-content\/uploads\/2021\/09\/DSC01971-2-1024x670.jpg 1024w, https:\/\/kunkel-systems.de\/wp-content\/uploads\/2021\/09\/DSC01971-2-300x196.jpg 300w, https:\/\/kunkel-systems.de\/wp-content\/uploads\/2021\/09\/DSC01971-2-768x502.jpg 768w, https:\/\/kunkel-systems.de\/wp-content\/uploads\/2021\/09\/DSC01971-2-1536x1005.jpg 1536w, https:\/\/kunkel-systems.de\/wp-content\/uploads\/2021\/09\/DSC01971-2-2048x1339.jpg 2048w, https:\/\/kunkel-systems.de\/wp-content\/uploads\/2021\/09\/DSC01971-2-90x60.jpg 90w\" sizes=\"auto, (max-width: 1024px) 100vw, 1024px\" \/><figcaption>Es gibt viele unterschiedliche Sorten von Pellets, alle k\u00f6nnen mit Pellspection analysiert werden<\/figcaption><\/figure>\n","protected":false},"excerpt":{"rendered":"<p>Download von Werbematerial Hier k\u00f6nnen Sie sich die beiden Flyer f\u00fcr das Pellspection-System herunterladen, um es z.B. auszudrucken oder an Kollegen weiterzugeben: Vorstellung der Maschine Pellspection ist eine vollautomatische Maschine zur Detektierung von Verunreinigungen und Verf\u00e4rbungen in Kunststoff-Pellets und Granulaten. Au\u00dferdem k\u00f6nnen die farblichen Anteile einer Mischung, z.B. bei Rezyklaten mit hoher Genauigkeit bestimmt werden.Die Labormaschine ist kompakt und kann<\/p>\n","protected":false},"author":1,"featured_media":0,"parent":4,"menu_order":0,"comment_status":"closed","ping_status":"closed","template":"","meta":{"pgc_sgb_lightbox_settings":"","footnotes":""},"class_list":["post-324","page","type-page","status-publish","hentry"],"_links":{"self":[{"href":"https:\/\/kunkel-systems.de\/index.php?rest_route=\/wp\/v2\/pages\/324","targetHints":{"allow":["GET"]}}],"collection":[{"href":"https:\/\/kunkel-systems.de\/index.php?rest_route=\/wp\/v2\/pages"}],"about":[{"href":"https:\/\/kunkel-systems.de\/index.php?rest_route=\/wp\/v2\/types\/page"}],"author":[{"embeddable":true,"href":"https:\/\/kunkel-systems.de\/index.php?rest_route=\/wp\/v2\/users\/1"}],"replies":[{"embeddable":true,"href":"https:\/\/kunkel-systems.de\/index.php?rest_route=%2Fwp%2Fv2%2Fcomments&post=324"}],"version-history":[{"count":12,"href":"https:\/\/kunkel-systems.de\/index.php?rest_route=\/wp\/v2\/pages\/324\/revisions"}],"predecessor-version":[{"id":365,"href":"https:\/\/kunkel-systems.de\/index.php?rest_route=\/wp\/v2\/pages\/324\/revisions\/365"}],"up":[{"embeddable":true,"href":"https:\/\/kunkel-systems.de\/index.php?rest_route=\/wp\/v2\/pages\/4"}],"wp:attachment":[{"href":"https:\/\/kunkel-systems.de\/index.php?rest_route=%2Fwp%2Fv2%2Fmedia&parent=324"}],"curies":[{"name":"wp","href":"https:\/\/api.w.org\/{rel}","templated":true}]}}