{"id":252,"date":"2021-02-04T13:36:45","date_gmt":"2021-02-04T13:36:45","guid":{"rendered":"https:\/\/kunkel-systems.de\/?page_id=252"},"modified":"2021-02-04T13:46:08","modified_gmt":"2021-02-04T13:46:08","slug":"oks-scanner-fuer-pellets","status":"publish","type":"page","link":"https:\/\/kunkel-systems.de\/?page_id=252","title":{"rendered":"OKS Scanner f\u00fcr Pellets"},"content":{"rendered":"\n<div class=\"wp-block-file\"><a href=\"https:\/\/kunkel-systems.de\/wp-content\/uploads\/2021\/02\/OKS-Scanner-Pellets-Flyer.pdf\">OKS-Scanner-Pellets-Flyer<\/a><a href=\"https:\/\/kunkel-systems.de\/wp-content\/uploads\/2021\/02\/OKS-Scanner-Pellets-Flyer.pdf\" class=\"wp-block-file__button\" download>Herunterladen<\/a><\/div>\n\n\n\n<figure class=\"wp-block-image size-large\"><img loading=\"lazy\" decoding=\"async\" width=\"1024\" height=\"893\" src=\"https:\/\/kunkel-systems.de\/wp-content\/uploads\/2021\/02\/DSC01807-2-1024x893.jpg\" alt=\"Exemplarischer Aufbau des Scanner-Systems, links ein aufgeklappter Scanner, rechts in Monitor, Petrischale mit Kunststoff im Vordergrund, Maus und Tastatur\" class=\"wp-image-253\" srcset=\"https:\/\/kunkel-systems.de\/wp-content\/uploads\/2021\/02\/DSC01807-2-1024x893.jpg 1024w, https:\/\/kunkel-systems.de\/wp-content\/uploads\/2021\/02\/DSC01807-2-300x262.jpg 300w, https:\/\/kunkel-systems.de\/wp-content\/uploads\/2021\/02\/DSC01807-2-768x670.jpg 768w, https:\/\/kunkel-systems.de\/wp-content\/uploads\/2021\/02\/DSC01807-2-1536x1340.jpg 1536w, https:\/\/kunkel-systems.de\/wp-content\/uploads\/2021\/02\/DSC01807-2-2048x1787.jpg 2048w\" sizes=\"auto, (max-width: 1024px) 100vw, 1024px\" \/><\/figure>\n\n\n\n<p>OKS Scanner f\u00fcr Pellets ist eine kompakte und g\u00fcnstige L\u00f6sung f\u00fcr alle Labore, die Vorprodukte aus der Kunststoff-Herstellung wie z.B. Pellets und Granulate auf farbliche Abweichungen und Stippen untersuchen m\u00fcssen. Dabei k\u00f6nnen sowohl braune, als auch schwarze Stippen ab einer Gr\u00f6\u00dfe von 42 Mikrometern gemessen werden. Das System ist eine konsequente Weiterentwicklung unseres Stippenz\u00e4hlers und bietet alle Funktionen, die speziell bei der optischen Kunststoff-Untersuchung ben\u00f6tigt werden. Mit nur einer Messung erhalten Sie die wichtigsten Messwerte auf einen Blick: Die Gesamtfarbe der Probe, die prozentualen Farbanteile, Stippen-Anzahl und die Stippenfl\u00e4che bezogen auf die Gesamtfl\u00e4che.<br>Das System besteht aus einem leistungsf\u00e4higen Mini-Computer mit vorinstallierter Software, einem hochwertigen CCD-Scanner, der nach Bedarf ausgetauscht werden kann, einem Probenbeh\u00e4lter und dem Monitor. Sie k\u00f6nnen die Proben entweder direkt in den Probenbeh\u00e4lter sch\u00fctten oder auch einzele Pellets untersuchen. Am Ende jeder Untersuchung erhalten Sie und Ihr Kunde ein \u00fcbersichtliches Auftragszertifikat.<\/p>\n\n\n\n<p>Die Messung ist schnell. Sch\u00fctten Sie Ihre Probe in den Probenbeh\u00e4lter, vertrauen Sie auf unsere vorkalibrierten Einstellungen und klicken Sie direkt auf \u201eAuftrag starten\u201c. Innerhalb von zwei Minuten haben Sie ein Ergebnis. Wir \u00fcbernehmen dabei die Einrichtung und Kalibrierung f\u00fcr Ihre wichtigsten Produkte und Sie k\u00f6nnen sofort mit den t\u00e4glichen Messungen beginnen.<\/p>\n\n\n\n<p>Mit unseren modernen Software-Algorithmen, die in \u00fcber 10 Jahren Entwicklungsarbeit stetig weiterentwickelt worden sind, k\u00f6nnen auch kleine und blasse Stippen zuverl\u00e4ssig gefunden werden. Unsere Hintergrundbeleuchtung und austauschbare Hintergr\u00fcnde verbessern die optischen Ergebnisse. Mit frei definierbaren Suchklassen haben Sie in der Software alle M\u00f6glichkeiten, um jeden Fehler zu finden.<\/p>\n\n\n\n<p>Manche Kunststoffe sind optisch nur schwer zu sortieren, weil sie sehr \u00e4hnliche Helligkeiten haben, z.B. graues und hellblaues Granulat. Hier hilft das OKS Scanner System, indem z.B. durch optische Filter der Kontrast und die S\u00e4ttigung der Bildaufnahme verbessert werden kann.<\/p>\n\n\n\n<p>Der Mensch m\u00fcsste jedes Granulat mit der Hand ausz\u00e4hlen, das w\u00fcrde bei einer Probenmenge von drei Kilogramm bereits mehrere Stunden dauern und wertvolle menschliche Ressourcen binden. Die OKS Scanner Software ist einfach zu verwenden und bietet innerhalb von zwei Minuten ein Messergebnis. So k\u00f6nnen Sie auch Mischungen und Farbver\u00e4nderungen Ihrer Produkte optimal kontrollieren.<\/p>\n\n\n\n<p><strong>Vorteile des Systems<\/strong><br>Eine Neuanschaffung ist immer mit Kosten und einer Einarbeitungszeit f\u00fcr die Mitarbeiter verbunden. Die Digitalisierung ist aufw\u00e4ndig und teilweise m\u00fcssen auch interne Prozesse angepasst werden (z.B. neue Produktspezifikationen und neue Messwerte). Bevor Sie sich f\u00fcr ein Scanner-System von uns entscheiden, m\u00f6chten wir daher noch einmal auf die Vorteile hinweisen:<br>&#8211; Mit einem digitalen Messverfahren erhalten Sie ein unabh\u00e4ngiges und objektives Verfahren, das jeder menschlichen Messung \u00fcberlegen ist: Sowohl von der Geschwindigkeit, als auch von der Genauigkeit. Gerade bei sehr eint\u00f6nigen Messvorg\u00e4ngen (z.B. Farben oder Stippen z\u00e4hlen) bietet sich eine automatisierte Messung an<br>&#8211; Durch die vergr\u00f6\u00dferte Darstellung auf dem Monitor k\u00f6nnen Sie auch Stippen erkennen, die das menschliche Auge nicht gut erkennt, z.B. bei Messungen unter 50 Mikrometer<br>&#8211; Das System generiert automatisch Messwerte und Kontrollbilder; sie haben eine optimale R\u00fcckverfolgbarkeit Ihrer Produktqualit\u00e4t. Mit einem Klick werden verschiedene Messwerte parallel generiert<br>&#8211; Sie k\u00f6nnen die Produktspezifikationen im Programm f\u00fcr Messungen im ganzen Werk, auch an verschiedenen Standorten vereinheitlichen und dann einen Werksstandard erzeugen<br>&#8211; Das System kann auch von Personal au\u00dferhalb des Labors verwendet werden, z.B. nah an der Produktion. So ist es m\u00f6glich, neue Messpunkte f\u00fcr die Produktqualit\u00e4t zu erzeugen<\/p>\n\n\n\n<p><\/p>\n\n\n\n<p><strong>Profitieren auch Sie von den Vorz\u00fcgen der digitalen Stippen-Messung und schicken Sie uns kostenlos Proben zur Voruntersuchung zu ! Wir freuen uns auf Ihren Anruf!<\/strong><\/p>\n\n\n\n<h2 class=\"wp-block-heading\">+(49) (0) 6359 4090598<\/h2>\n\n\n\n<div class=\"wp-block-columns is-layout-flex wp-container-core-columns-is-layout-9d6595d7 wp-block-columns-is-layout-flex\">\n<div class=\"wp-block-column is-layout-flow wp-block-column-is-layout-flow\" style=\"flex-basis:50%\">\n<p><strong>Abmessungen <\/strong>(Breite, Tiefe, H\u00f6he):<br>Scanner: 280 x 485 x 118 mm<br>Computer: 117 x 51 x 112 mm<br>Monitor: 500 x 180 x 400 mm<\/p>\n\n\n\n<p><br><strong>Gewicht<\/strong><\/p>\n\n\n\n<p>Scanner: 4 kg Computer: 0,7 kg Monitor: 3 kg<br><br><strong>Energieaufnahme<\/strong><br>Scanner: 1,6 Watt (Energiesparmodus) bis 16,5 Watt (Betrieb) Computer: maximal 75 Watt <br>Monitor: maximal 24 Watt<br><br><br><strong>Probenmenge (Pellets)<\/strong><br>Flacher Probenbeh\u00e4lter: 200 &#8211; 700 Gramm Tiefer Probenbeh\u00e4lter: 200 &#8211; 1000 Gramm Einzelne Pellets m\u00f6glich, Petrischalen-Messung m\u00f6glich<br><br><br><strong>Messvorgang-Dauer<\/strong><br>300 DPI : 30 Sekunden 600 DPI : 120 Sekunden<br><br><br><strong>Messgenauigkeit<\/strong><br>300 DPI : 84 \u03bcm 600 DPI : 42 \u03bcm<br><br><br><strong>Messwerte in der Software<\/strong><br>Gesamtfl\u00e4che dm\u00b2 Gesamtfarbe der Probe (CieLab Farbe) Wei\u00dfgrad der Probe Farbklassenanteil in Prozent (frei einstellbar) Stippenanzahl (braun, schwarz und frei einstellbar) Skalierte Stippenanzahl auf dm\u00b2 Stippenfl\u00e4che mm\u00b2 \/ Stippengesamtfl\u00e4che % Stippen-Koordinaten Stippenverteilung<br><br><br><strong>Exportfunktionen<\/strong><br>Originalbild und klassifiziertes Bild als JPG Statistische Grafiken in .JPG, .BMP und .PDF DINA4-Auftrag mit Komfort-Druckfunktion (Zertifikat) Export der Auftragsdaten in XML und CSV-Format<br><\/p>\n<\/div>\n\n\n\n<div class=\"wp-block-column is-layout-flow wp-block-column-is-layout-flow\" style=\"flex-basis:50%\">\n<p><br><br><br><br><\/p>\n\n\n\n<p><br><br><br><br><br><br><\/p>\n\n\n\n<p><br><\/p>\n<\/div>\n<\/div>\n","protected":false},"excerpt":{"rendered":"<p>OKS Scanner f\u00fcr Pellets ist eine kompakte und g\u00fcnstige L\u00f6sung f\u00fcr alle Labore, die Vorprodukte aus der Kunststoff-Herstellung wie z.B. Pellets und Granulate auf farbliche Abweichungen und Stippen untersuchen m\u00fcssen. Dabei k\u00f6nnen sowohl braune, als auch schwarze Stippen ab einer Gr\u00f6\u00dfe von 42 Mikrometern gemessen werden. Das System ist eine konsequente Weiterentwicklung unseres Stippenz\u00e4hlers und bietet alle Funktionen, die speziell<\/p>\n","protected":false},"author":1,"featured_media":0,"parent":4,"menu_order":0,"comment_status":"closed","ping_status":"closed","template":"","meta":{"pgc_sgb_lightbox_settings":"","footnotes":""},"class_list":["post-252","page","type-page","status-publish","hentry"],"_links":{"self":[{"href":"https:\/\/kunkel-systems.de\/index.php?rest_route=\/wp\/v2\/pages\/252","targetHints":{"allow":["GET"]}}],"collection":[{"href":"https:\/\/kunkel-systems.de\/index.php?rest_route=\/wp\/v2\/pages"}],"about":[{"href":"https:\/\/kunkel-systems.de\/index.php?rest_route=\/wp\/v2\/types\/page"}],"author":[{"embeddable":true,"href":"https:\/\/kunkel-systems.de\/index.php?rest_route=\/wp\/v2\/users\/1"}],"replies":[{"embeddable":true,"href":"https:\/\/kunkel-systems.de\/index.php?rest_route=%2Fwp%2Fv2%2Fcomments&post=252"}],"version-history":[{"count":14,"href":"https:\/\/kunkel-systems.de\/index.php?rest_route=\/wp\/v2\/pages\/252\/revisions"}],"predecessor-version":[{"id":273,"href":"https:\/\/kunkel-systems.de\/index.php?rest_route=\/wp\/v2\/pages\/252\/revisions\/273"}],"up":[{"embeddable":true,"href":"https:\/\/kunkel-systems.de\/index.php?rest_route=\/wp\/v2\/pages\/4"}],"wp:attachment":[{"href":"https:\/\/kunkel-systems.de\/index.php?rest_route=%2Fwp%2Fv2%2Fmedia&parent=252"}],"curies":[{"name":"wp","href":"https:\/\/api.w.org\/{rel}","templated":true}]}}