{"id":107,"date":"2020-03-25T11:19:37","date_gmt":"2020-03-25T11:19:37","guid":{"rendered":"https:\/\/kunkel-systems.de\/?page_id=107"},"modified":"2020-04-08T08:44:56","modified_gmt":"2020-04-08T08:44:56","slug":"service-support","status":"publish","type":"page","link":"https:\/\/kunkel-systems.de\/?page_id=107","title":{"rendered":"Service &#038; Support"},"content":{"rendered":"\n<figure class=\"wp-block-image size-large is-resized\"><img loading=\"lazy\" decoding=\"async\" src=\"https:\/\/kunkel-systems.de\/wp-content\/uploads\/2020\/03\/Support-Service.jpg\" alt=\"\" class=\"wp-image-108\" width=\"204\" height=\"224\" srcset=\"https:\/\/kunkel-systems.de\/wp-content\/uploads\/2020\/03\/Support-Service.jpg 407w, https:\/\/kunkel-systems.de\/wp-content\/uploads\/2020\/03\/Support-Service-273x300.jpg 273w\" sizes=\"auto, (max-width: 204px) 100vw, 204px\" \/><\/figure>\n\n\n\n<h4 class=\"wp-block-heading\">Telefon<\/h4>\n\n\n\n<p>(+49) (0) 6359 4090598<\/p>\n\n\n\n<h4 class=\"wp-block-heading\">Ihre Ansprechpartner<\/h4>\n\n\n\n<div class=\"wp-block-group\"><div class=\"wp-block-group__inner-container is-layout-flow wp-block-group-is-layout-flow\">\n<p>Inhaber \/ CEO<br><strong>Fritz Kunke<\/strong>l: Fritz.Kunkel@kunkel-systems.de <br><br>Kundenangelegenheiten \/ CCO<br><strong>Julia B\u00f6ttcher<\/strong>: Julia.Boettcher@kunkel-systems.de <br><br>Vertriebsmanager \/ CSO<br><strong>Dr. Ing. Dominik Rabus<\/strong>: Dominik.Rabus@kunkel-systems.de <\/p>\n<\/div><\/div>\n\n\n\n<hr class=\"wp-block-separator is-style-wide\"\/>\n\n\n\n<p>Support und Service sind Ihnen sehr wichtig. Sie als Kunde wollen stabile Systeme, die \u00fcber eine Zeit lang stabil und ausfallsicher laufen. Wenn dann doch mal eine St\u00f6rung auftritt, ist eine schnelle Reaktion wichtig. <\/p>\n\n\n\n<p>Unser Credo lautet dabei: Je sicherer und besser die Systeme sind, desto weniger muss hinterher daran gearbeitet werden. Die Qualit\u00e4t unserer Software steht daher an oberster Stelle.<\/p>\n\n\n\n<p>Computer-Software ist im Grunde &#8222;in Code-Zeilen gegossener Service&#8220;. Sie haben ein Problem, wollen Kosten sparen und das wertvolle Personal an anderer Stelle einsetzen. Hier kommt die intelligente Software ins Spiel. Sie passt sich an den Kunden und dessen Bed\u00fcrfnisse an- nicht umgekehrt!<br><br>Was die Firma Kunkel ihnen bietet:<\/p>\n\n\n\n<h2 class=\"wp-block-heading\">Proben-Untersuchung<\/h2>\n\n\n\n<p>Wir untersuchen Ihre Proben und k\u00f6nnen erste Einsch\u00e4tzung \u00fcber Ihr Produkt und die ben\u00f6tigten Parameter-Einstellungen treffen. Auf Wunsch sind auch ausf\u00fchrliche Labor-Berichte m\u00f6glich, die Sie als Kunden \u00fcber Stippen-Anzahl oder Farbvariationen des Produktes informieren. Bei den g\u00e4ngigen Sch\u00fcttg\u00fctern wie Mehl oder Grie\u00df ist das meistens kein Problem. Gerne nehmen wir uns auch schwierigen Produkten an, f\u00fcr die es auf dem Markt noch keine L\u00f6sung gibt.<br>Auf den ersten Blick erhalten Sie einen Einblick, an welcher Stelle unsere Software f\u00fcr Ihre Produktion einen Vorteil bietet. An dieser Stelle k\u00f6nnen bereits erste W\u00fcnsche an die Software ge\u00e4u\u00dfert werden, die bei Bedarf auch implementiert werden. Sie als Kunde erhalten genau die Software, die sie ben\u00f6tigen.<\/p>\n\n\n\n<h2 class=\"wp-block-heading\">Computer-Einrichtung<\/h2>\n\n\n\n<p>Die Einrichtung des Computers, der Software und die Anpassung der Parameter wird von der Firma Kunkel bei System\u00fcbergabe \u00fcbernommen.    Hinterher erfolgt eine schnelle Einrichtung oder Korrektur der Parameter \u00fcber Fernwartungssysteme wie z.B. Teamviewer, dies erm\u00f6glicht schnelle Reaktionszeiten. Fernwartungsservice ist auch au\u00dferhalb der \u00fcblichen Gesch\u00e4ftszeiten und am Wochenende m\u00f6glich<\/p>\n\n\n\n<h2 class=\"wp-block-heading\">Programmierung<\/h2>\n\n\n\n<p>Ihre Kundenw\u00fcnsche sind uns von Anfang an wichtig und flie\u00dfen in die Progamm-L\u00f6sung mit ein. Jede Software wird vor der Auslieferung gr\u00fcndlich getestet und auf Fehler gepr\u00fcft. Bei Neu-Entwicklungen erhalten sie Screenshots und einen Bericht \u00fcber den Stand der Entwicklung, auch Telefonkonferenzen sind m\u00f6glich. Die Software ist ausgereift und verl\u00e4sst erst im Release-Stadium unser Haus.<\/p>\n\n\n\n<h2 class=\"wp-block-heading\">Updates<\/h2>\n\n\n\n<p>In regelm\u00e4\u00dfigen Abst\u00e4nden wird unsere Software mit Updates versorgt. So ist gew\u00e4hrleistet, dass Sie immer die beste Programmversion erhalten. Auf dieser Webseite erfahren Sie immer das Neueste \u00fcber \u00c4nderungen.<\/p>\n\n\n\n<h2 class=\"wp-block-heading\">Reparatur-Service<\/h2>\n\n\n\n<p>Die meisten Systeme (z.B. OKS-Online) sind so ausgelegt, dass keine Fehler auftreten und sie \u00fcber Jahre hinweg stabil laufen. Dies betrifft vor allem die Beleuchtung, das Geh\u00e4use und die Kamera. <br>M\u00f6gliche Verschlei\u00dfteile wie z.B. das Makrolon-Sichtfenster k\u00f6nnen \u00fcber den Postweg gesandt und von hauseigenen Techniker ausgetauscht werden. Systeme wie z.B. &#8222;OKS Scanner&#8220; sind so ausgelegt, dass \u00fcber den normalen Elektronik-Handel jederzeit Ersatz besorgt werden kann (Austauschger\u00e4te).<\/p>\n\n\n\n<h2 class=\"wp-block-heading\">Vor-Ort L\u00f6sung<\/h2>\n\n\n\n<p>Falls das nicht reichen sollte, kann ein Kundentermin vereinbart werden, um die Probleme &#8222;vor Ort&#8220; zu l\u00f6sen, dabei profitieren sie von g\u00fcnstigen Preisen und einer geringen Anfahrtspauschale.<\/p>\n","protected":false},"excerpt":{"rendered":"<p>Telefon (+49) (0) 6359 4090598 Ihre Ansprechpartner Inhaber \/ CEOFritz Kunkel: Fritz.Kunkel@kunkel-systems.de Kundenangelegenheiten \/ CCOJulia B\u00f6ttcher: Julia.Boettcher@kunkel-systems.de Vertriebsmanager \/ CSODr. Ing. Dominik Rabus: Dominik.Rabus@kunkel-systems.de Support und Service sind Ihnen sehr wichtig. Sie als Kunde wollen stabile Systeme, die \u00fcber eine Zeit lang stabil und ausfallsicher laufen. Wenn dann doch mal eine St\u00f6rung auftritt, ist eine schnelle Reaktion wichtig. Unser Credo<\/p>\n","protected":false},"author":1,"featured_media":0,"parent":0,"menu_order":2,"comment_status":"closed","ping_status":"closed","template":"","meta":{"pgc_sgb_lightbox_settings":"","footnotes":""},"class_list":["post-107","page","type-page","status-publish","hentry"],"_links":{"self":[{"href":"https:\/\/kunkel-systems.de\/index.php?rest_route=\/wp\/v2\/pages\/107","targetHints":{"allow":["GET"]}}],"collection":[{"href":"https:\/\/kunkel-systems.de\/index.php?rest_route=\/wp\/v2\/pages"}],"about":[{"href":"https:\/\/kunkel-systems.de\/index.php?rest_route=\/wp\/v2\/types\/page"}],"author":[{"embeddable":true,"href":"https:\/\/kunkel-systems.de\/index.php?rest_route=\/wp\/v2\/users\/1"}],"replies":[{"embeddable":true,"href":"https:\/\/kunkel-systems.de\/index.php?rest_route=%2Fwp%2Fv2%2Fcomments&post=107"}],"version-history":[{"count":13,"href":"https:\/\/kunkel-systems.de\/index.php?rest_route=\/wp\/v2\/pages\/107\/revisions"}],"predecessor-version":[{"id":229,"href":"https:\/\/kunkel-systems.de\/index.php?rest_route=\/wp\/v2\/pages\/107\/revisions\/229"}],"wp:attachment":[{"href":"https:\/\/kunkel-systems.de\/index.php?rest_route=%2Fwp%2Fv2%2Fmedia&parent=107"}],"curies":[{"name":"wp","href":"https:\/\/api.w.org\/{rel}","templated":true}]}}