{"id":104,"date":"2020-03-25T11:03:10","date_gmt":"2020-03-25T11:03:10","guid":{"rendered":"https:\/\/kunkel-systems.de\/?page_id=104"},"modified":"2022-07-28T08:38:05","modified_gmt":"2022-07-28T08:38:05","slug":"ueber-uns","status":"publish","type":"page","link":"https:\/\/kunkel-systems.de\/?page_id=104","title":{"rendered":"\u00dcber uns"},"content":{"rendered":"\n<figure class=\"wp-block-image size-large is-resized\"><img loading=\"lazy\" decoding=\"async\" src=\"https:\/\/kunkel-systems.de\/wp-content\/uploads\/2020\/03\/Arbeit1-1024x768.jpg\" alt=\"\" class=\"wp-image-105\" width=\"400\" height=\"300\" srcset=\"https:\/\/kunkel-systems.de\/wp-content\/uploads\/2020\/03\/Arbeit1-1024x768.jpg 1024w, https:\/\/kunkel-systems.de\/wp-content\/uploads\/2020\/03\/Arbeit1-300x225.jpg 300w, https:\/\/kunkel-systems.de\/wp-content\/uploads\/2020\/03\/Arbeit1-768x576.jpg 768w, https:\/\/kunkel-systems.de\/wp-content\/uploads\/2020\/03\/Arbeit1-1536x1152.jpg 1536w, https:\/\/kunkel-systems.de\/wp-content\/uploads\/2020\/03\/Arbeit1.jpg 1600w\" sizes=\"auto, (max-width: 400px) 100vw, 400px\" \/><\/figure>\n\n\n\n<p>Wir sind eine junge innovative Firma aus dem S\u00fcdwesten Deutschlands, im Herzen Europas.<\/p>\n\n\n\n<p>Hauptarbeitsbereich ist die Herstellung von optischen Messsystemen, die mit Hilfe digitaler Bildverarbeitung und NIR-Spektroskopie industrielle Endprodukte auf Farben und Verunreinigungen analysieren. Au\u00dferdem ist es uns m\u00f6glich, organische Molek\u00fclverbindungen wie z.B. Protein, Feuchtigkeit und Mineralstoffgehalt zu bestimmen.  Die erforderliche Software wird ebenfalls in unserem Hause entwickelt, Ihren W\u00fcnschen angepasst und ausgiebig getestet. Das Resultat sind \u00fcber lange Zeit stabil arbeitende, intuitiv zu bedienende automatische Test-Systeme, die eine objektive Qualit\u00e4tsanalyse bieten. Unsere Zielgruppen sind weltweit und branchen\u00fcbergreifend zu finden.<\/p>\n\n\n\n<p>Gegr\u00fcndet wurde die Firma &#8218;Fritz Kunkel&#8216; im Jahr 2009. Anlass und Motivaton war die Erfindermesse IENA 2008, die f\u00fcr uns ein gro\u00dfer Erfolg war. Die Eigenentwicklung &#8222;Stippenz\u00e4hler&#8220; hatte neben vielen anderen Erfindungen privater Erfinder, auf der gro\u00dfen B\u00fchne die Goldmedaille gewonnen. Zudem haben wir auf der Messe viele interessante Leute und eine interessante Gr\u00fcnder-Szene kennengelernt.<\/p>\n\n\n\n<p>So wuchs in uns die Absicht und die Zuversicht, das Produkt weiter zu entwickeln und zu vermarkten. In den letzten Jahren haben wir die Hauptentwicklung &#8222;Stippenz\u00e4hler&#8220; immer weiter voran getrieben und verbessert. Dar\u00fcberhinaus haben wir unser Anwendungsspektrum durch weitere innonative Entwicklungen diversifiziert. Die Leidenschaft f\u00fcr neue Herausforderungen und kreative Herangehensweisen treibt uns t\u00e4glich an.<\/p>\n\n\n\n<p>Die Arbeit macht Spa\u00df &#8211; nur so ist ein maximaler &#8222;Output&#8220; und eine hohe Produktivit\u00e4t m\u00f6glich.  Wir haben eine flache Hierarchie, umgesetzt wird das, was sinnvoll und machbar ist. Gute Ideen werden durch intensive Diskussionen herausgefiltert- nur das Beste wird umgesetzt.<\/p>\n\n\n\n<p> Unser Betrieb ist ein klassischer, mittelst\u00e4ndischer Familienbetrieb, der  seit 2018 als Haupterwerb gef\u00fchrt wird. Das Herz unserer Firma besteht  aus den Eheleuten Fritz Kunkel und Julia B\u00f6ttcher. <\/p>\n\n\n\n<h2 class=\"wp-block-heading\">Wir suchen<\/h2>\n\n\n\n<p>F\u00fcr die Zukunft unseres Unternehmens suchen wir qualifizierte Fachkr\u00e4fte, die auf freiwilliger Basis helfen wollen, an einem innovativen Startup mitzuwirken. Die formale Qualifikation ist dabei NICHT von Bedeutung, auch Quer-Einsteiger sind willkommen. Wichtig ist die pers\u00f6nliche Leistung und Einstellung eines jeden Mitarbeiters.<\/p>\n\n\n\n<p>Wir suchen vor allem kreative Leute mit Ideen, die bereit sind, au\u00dferhalb der \u00fcblichen Schemata zu denken und zu arbeiten. Eine hohe Eigeninitiative, Teamf\u00e4higkeit und freiwillige Mitarbeit sind von Vorteil und erw\u00fcnscht. Wir ben\u00f6tigen insbesondere auch Mitarbeiter, die bereit sind, ins Ausland zu reisen und beim Aufbau der Systeme zu helfen (z.B. Elektriker oder Schlosser). <br>Herkunft, Nationalit\u00e4t und Religion der Mitarbeiter sind unwichtig, sie sollten aber entweder Deutsch oder Englisch sprechen, damit eine Kommunikation m\u00f6glich ist. Der Austausch \u00fcber Schriftsprache (Email) ist erforderlich.<\/p>\n\n\n\n<h2 class=\"wp-block-heading\">Wir bieten<\/h2>\n\n\n\n<p>Wir k\u00f6nnen je nach Auftragslage und Erfolg eine faire Provisionsbasis f\u00fcr Verk\u00e4ufer anbieten. Wenn Sie einen Kunden gewinnen, der uns anschlie\u00dfend einen Auftrag erteilt, erhalten Sie eine Erfolgs-Provision. Wenn wir ein System beim Kunden aufbauen und sie als Reise-Handwerker dabei sind, erhalten sie daf\u00fcr einen festen Betrag.<\/p>\n\n\n\n<p>Wir suchen qualifizierte \u00dcbersetzer f\u00fcr Franz\u00f6sisch und Spanisch. Da unsere Systeme st\u00e4ndig weiterentwickelt werden und auch Produktbrosch\u00fcren und Anleitungen aktualisiert werden m\u00fcssen, ist immer f\u00fcr Arbeit gesorgt.<\/p>\n\n\n\n<p>In unserem Unternehmen wird die Kreativit\u00e4t und der Spa\u00df an der Arbeit gro\u00df geschrieben. Die Arbeit f\u00fcr Programmierer, \u00dcbersetzer und Entwickler ist z.B. auch gut als Homeoffice zu erledigen und somit optimal vereinbar mit Familie, Kindern und Haushalt.<\/p>\n","protected":false},"excerpt":{"rendered":"<p>Wir sind eine junge innovative Firma aus dem S\u00fcdwesten Deutschlands, im Herzen Europas. Hauptarbeitsbereich ist die Herstellung von optischen Messsystemen, die mit Hilfe digitaler Bildverarbeitung und NIR-Spektroskopie industrielle Endprodukte auf Farben und Verunreinigungen analysieren. Au\u00dferdem ist es uns m\u00f6glich, organische Molek\u00fclverbindungen wie z.B. Protein, Feuchtigkeit und Mineralstoffgehalt zu bestimmen. Die erforderliche Software wird ebenfalls in unserem Hause entwickelt, Ihren W\u00fcnschen<\/p>\n","protected":false},"author":1,"featured_media":0,"parent":0,"menu_order":3,"comment_status":"closed","ping_status":"closed","template":"","meta":{"pgc_sgb_lightbox_settings":"","footnotes":""},"class_list":["post-104","page","type-page","status-publish","hentry"],"_links":{"self":[{"href":"https:\/\/kunkel-systems.de\/index.php?rest_route=\/wp\/v2\/pages\/104","targetHints":{"allow":["GET"]}}],"collection":[{"href":"https:\/\/kunkel-systems.de\/index.php?rest_route=\/wp\/v2\/pages"}],"about":[{"href":"https:\/\/kunkel-systems.de\/index.php?rest_route=\/wp\/v2\/types\/page"}],"author":[{"embeddable":true,"href":"https:\/\/kunkel-systems.de\/index.php?rest_route=\/wp\/v2\/users\/1"}],"replies":[{"embeddable":true,"href":"https:\/\/kunkel-systems.de\/index.php?rest_route=%2Fwp%2Fv2%2Fcomments&post=104"}],"version-history":[{"count":1,"href":"https:\/\/kunkel-systems.de\/index.php?rest_route=\/wp\/v2\/pages\/104\/revisions"}],"predecessor-version":[{"id":106,"href":"https:\/\/kunkel-systems.de\/index.php?rest_route=\/wp\/v2\/pages\/104\/revisions\/106"}],"wp:attachment":[{"href":"https:\/\/kunkel-systems.de\/index.php?rest_route=%2Fwp%2Fv2%2Fmedia&parent=104"}],"curies":[{"name":"wp","href":"https:\/\/api.w.org\/{rel}","templated":true}]}}